{"id":82,"date":"2021-11-13T23:11:23","date_gmt":"2021-11-13T23:11:23","guid":{"rendered":"https:\/\/kortsomgleder.no\/?post_type=product&#038;p=82"},"modified":"2023-07-18T10:20:18","modified_gmt":"2023-07-18T10:20:18","slug":"test","status":"publish","type":"product","link":"https:\/\/kortsomgleder.no\/?product=test","title":{"rendered":"Julekort &#8211; Vinter p\u00e5 byen"},"content":{"rendered":"<p>Et julekort med fine detaljer: sk\u00f8ytebane, skibakke. Det var kanskje litt magert med sn\u00f8 i de siste et par \u00e5r, men vi h\u00e5per p\u00e5 en hvit jul.<\/p>\n<p>Kortet kommer ferdig oppsatt, med en hvit konvolutt.<br \/>\n3D julekort med dybde effekt. Det er ogs\u00e5 mulig \u00e5 skrive tekst p\u00e5 bakside.<\/p>\n","protected":false},"excerpt":{"rendered":"<p>Et julekort med fine detaljer: sk\u00f8ytebane, skibakke. Det var kanskje litt magert med sn\u00f8 i de siste et par \u00e5r, men vi h\u00e5per p\u00e5 en hvit jul. Kortet kommer ferdig [&hellip;]<\/p>\n","protected":false},"featured_media":157,"comment_status":"open","ping_status":"closed","template":"","meta":[],"product_brand":[],"product_cat":[19],"product_tag":[],"class_list":{"0":"post-82","1":"product","2":"type-product","3":"status-publish","4":"has-post-thumbnail","6":"product_cat-jul","8":"first","9":"instock","10":"taxable","11":"shipping-taxable","12":"purchasable","13":"product-type-simple"},"_links":{"self":[{"href":"https:\/\/kortsomgleder.no\/index.php?rest_route=\/wp\/v2\/product\/82","targetHints":{"allow":["GET"]}}],"collection":[{"href":"https:\/\/kortsomgleder.no\/index.php?rest_route=\/wp\/v2\/product"}],"about":[{"href":"https:\/\/kortsomgleder.no\/index.php?rest_route=\/wp\/v2\/types\/product"}],"replies":[{"embeddable":true,"href":"https:\/\/kortsomgleder.no\/index.php?rest_route=%2Fwp%2Fv2%2Fcomments&post=82"}],"wp:featuredmedia":[{"embeddable":true,"href":"https:\/\/kortsomgleder.no\/index.php?rest_route=\/wp\/v2\/media\/157"}],"wp:attachment":[{"href":"https:\/\/kortsomgleder.no\/index.php?rest_route=%2Fwp%2Fv2%2Fmedia&parent=82"}],"wp:term":[{"taxonomy":"product_brand","embeddable":true,"href":"https:\/\/kortsomgleder.no\/index.php?rest_route=%2Fwp%2Fv2%2Fproduct_brand&post=82"},{"taxonomy":"product_cat","embeddable":true,"href":"https:\/\/kortsomgleder.no\/index.php?rest_route=%2Fwp%2Fv2%2Fproduct_cat&post=82"},{"taxonomy":"product_tag","embeddable":true,"href":"https:\/\/kortsomgleder.no\/index.php?rest_route=%2Fwp%2Fv2%2Fproduct_tag&post=82"}],"curies":[{"name":"wp","href":"https:\/\/api.w.org\/{rel}","templated":true}]}}