{"id":340,"date":"2025-05-24T21:51:28","date_gmt":"2025-05-24T21:51:28","guid":{"rendered":"https:\/\/kortsomgleder.no\/?post_type=product&#038;p=340"},"modified":"2025-05-24T22:14:11","modified_gmt":"2025-05-24T22:14:11","slug":"340","status":"publish","type":"product","link":"https:\/\/kortsomgleder.no\/?product=340","title":{"rendered":"Horn&#038;Kl\u00f8ver Studio kort fra Notodden"},"content":{"rendered":"<p>H\u00e5ndlaget kort fra Horn&amp;Kl\u00f8ver, produsert og h\u00e5ndskj\u00e6rt p\u00e5 Notodden. Finnes i ulike motiver<\/p>\n","protected":false},"excerpt":{"rendered":"<p>H\u00e5ndlaget kort fra Horn&amp;Kl\u00f8ver, produsert og h\u00e5ndskj\u00e6rt p\u00e5 Notodden. Finnes i ulike motiver<\/p>\n","protected":false},"featured_media":342,"comment_status":"open","ping_status":"closed","template":"","meta":[],"product_brand":[],"product_cat":[25],"product_tag":[],"class_list":{"0":"post-340","1":"product","2":"type-product","3":"status-publish","4":"has-post-thumbnail","6":"product_cat-hornklover","8":"first","9":"instock","10":"taxable","11":"shipping-taxable","12":"purchasable","13":"product-type-variable"},"_links":{"self":[{"href":"https:\/\/kortsomgleder.no\/index.php?rest_route=\/wp\/v2\/product\/340","targetHints":{"allow":["GET"]}}],"collection":[{"href":"https:\/\/kortsomgleder.no\/index.php?rest_route=\/wp\/v2\/product"}],"about":[{"href":"https:\/\/kortsomgleder.no\/index.php?rest_route=\/wp\/v2\/types\/product"}],"replies":[{"embeddable":true,"href":"https:\/\/kortsomgleder.no\/index.php?rest_route=%2Fwp%2Fv2%2Fcomments&post=340"}],"wp:featuredmedia":[{"embeddable":true,"href":"https:\/\/kortsomgleder.no\/index.php?rest_route=\/wp\/v2\/media\/342"}],"wp:attachment":[{"href":"https:\/\/kortsomgleder.no\/index.php?rest_route=%2Fwp%2Fv2%2Fmedia&parent=340"}],"wp:term":[{"taxonomy":"product_brand","embeddable":true,"href":"https:\/\/kortsomgleder.no\/index.php?rest_route=%2Fwp%2Fv2%2Fproduct_brand&post=340"},{"taxonomy":"product_cat","embeddable":true,"href":"https:\/\/kortsomgleder.no\/index.php?rest_route=%2Fwp%2Fv2%2Fproduct_cat&post=340"},{"taxonomy":"product_tag","embeddable":true,"href":"https:\/\/kortsomgleder.no\/index.php?rest_route=%2Fwp%2Fv2%2Fproduct_tag&post=340"}],"curies":[{"name":"wp","href":"https:\/\/api.w.org\/{rel}","templated":true}]}}