{"id":179,"date":"2021-11-16T18:05:39","date_gmt":"2021-11-16T18:05:39","guid":{"rendered":"https:\/\/kortsomgleder.no\/?post_type=product&#038;p=179"},"modified":"2023-07-18T10:19:50","modified_gmt":"2023-07-18T10:19:50","slug":"julekort-storby","status":"publish","type":"product","link":"https:\/\/kortsomgleder.no\/?product=julekort-storby","title":{"rendered":"Julekort &#8211; Storbyferie"},"content":{"rendered":"<p>Vi kan dessverre ikke reise like mye som f\u00f8r, men reiselysten er ikke borte.<br \/>\nDette kortet kan v\u00e6re en liten julehilsen til noen reiseglade venner og familiemedlemmer.<\/p>\n<p>Kortet kommer ferdig oppsatt, med en hvit konvolutt.<br \/>\n3D julekort med dybde effekt. Det er ogs\u00e5 mulig \u00e5 skrive tekst p\u00e5 bakside.<\/p>\n","protected":false},"excerpt":{"rendered":"<p>Vi kan dessverre ikke reise like mye som f\u00f8r, men reiselysten er ikke borte. Dette kortet kan v\u00e6re en liten julehilsen til noen reiseglade venner og familiemedlemmer. Kortet kommer ferdig [&hellip;]<\/p>\n","protected":false},"featured_media":181,"comment_status":"open","ping_status":"closed","template":"","meta":[],"product_brand":[],"product_cat":[19],"product_tag":[],"class_list":{"0":"post-179","1":"product","2":"type-product","3":"status-publish","4":"has-post-thumbnail","6":"product_cat-jul","8":"first","9":"instock","10":"taxable","11":"shipping-taxable","12":"purchasable","13":"product-type-simple"},"_links":{"self":[{"href":"https:\/\/kortsomgleder.no\/index.php?rest_route=\/wp\/v2\/product\/179","targetHints":{"allow":["GET"]}}],"collection":[{"href":"https:\/\/kortsomgleder.no\/index.php?rest_route=\/wp\/v2\/product"}],"about":[{"href":"https:\/\/kortsomgleder.no\/index.php?rest_route=\/wp\/v2\/types\/product"}],"replies":[{"embeddable":true,"href":"https:\/\/kortsomgleder.no\/index.php?rest_route=%2Fwp%2Fv2%2Fcomments&post=179"}],"wp:featuredmedia":[{"embeddable":true,"href":"https:\/\/kortsomgleder.no\/index.php?rest_route=\/wp\/v2\/media\/181"}],"wp:attachment":[{"href":"https:\/\/kortsomgleder.no\/index.php?rest_route=%2Fwp%2Fv2%2Fmedia&parent=179"}],"wp:term":[{"taxonomy":"product_brand","embeddable":true,"href":"https:\/\/kortsomgleder.no\/index.php?rest_route=%2Fwp%2Fv2%2Fproduct_brand&post=179"},{"taxonomy":"product_cat","embeddable":true,"href":"https:\/\/kortsomgleder.no\/index.php?rest_route=%2Fwp%2Fv2%2Fproduct_cat&post=179"},{"taxonomy":"product_tag","embeddable":true,"href":"https:\/\/kortsomgleder.no\/index.php?rest_route=%2Fwp%2Fv2%2Fproduct_tag&post=179"}],"curies":[{"name":"wp","href":"https:\/\/api.w.org\/{rel}","templated":true}]}}