{"id":134,"date":"2021-11-14T17:15:30","date_gmt":"2021-11-14T17:15:30","guid":{"rendered":"https:\/\/kortsomgleder.no\/?post_type=product&#038;p=134"},"modified":"2023-07-18T10:20:17","modified_gmt":"2023-07-18T10:20:17","slug":"julekort","status":"publish","type":"product","link":"https:\/\/kortsomgleder.no\/?product=julekort","title":{"rendered":"Julekort &#8211; Julaften"},"content":{"rendered":"<p>Franks favoritt. 3D kort med dybde, som kan brukes til pynt og gis til andre. Delikate farger og en tidl\u00f8s motiv. Dette er et kort som skal garantert tiltrekke seg oppmerksomhet.<\/p>\n<p>Kortet kommer ferdig oppsatt, med en hvit konvolutt.<br \/>\n3D julekort med dybde effekt. Det er ogs\u00e5 mulig \u00e5 skrive tekst p\u00e5 bakside.<\/p>\n","protected":false},"excerpt":{"rendered":"<p>Franks favoritt. 3D kort med dybde, som kan brukes til pynt og gis til andre. Delikate farger og en tidl\u00f8s motiv. Dette er et kort som skal garantert tiltrekke seg [&hellip;]<\/p>\n","protected":false},"featured_media":161,"comment_status":"open","ping_status":"closed","template":"","meta":[],"product_brand":[],"product_cat":[19],"product_tag":[],"class_list":{"0":"post-134","1":"product","2":"type-product","3":"status-publish","4":"has-post-thumbnail","6":"product_cat-jul","8":"first","9":"instock","10":"taxable","11":"shipping-taxable","12":"purchasable","13":"product-type-simple"},"_links":{"self":[{"href":"https:\/\/kortsomgleder.no\/index.php?rest_route=\/wp\/v2\/product\/134","targetHints":{"allow":["GET"]}}],"collection":[{"href":"https:\/\/kortsomgleder.no\/index.php?rest_route=\/wp\/v2\/product"}],"about":[{"href":"https:\/\/kortsomgleder.no\/index.php?rest_route=\/wp\/v2\/types\/product"}],"replies":[{"embeddable":true,"href":"https:\/\/kortsomgleder.no\/index.php?rest_route=%2Fwp%2Fv2%2Fcomments&post=134"}],"wp:featuredmedia":[{"embeddable":true,"href":"https:\/\/kortsomgleder.no\/index.php?rest_route=\/wp\/v2\/media\/161"}],"wp:attachment":[{"href":"https:\/\/kortsomgleder.no\/index.php?rest_route=%2Fwp%2Fv2%2Fmedia&parent=134"}],"wp:term":[{"taxonomy":"product_brand","embeddable":true,"href":"https:\/\/kortsomgleder.no\/index.php?rest_route=%2Fwp%2Fv2%2Fproduct_brand&post=134"},{"taxonomy":"product_cat","embeddable":true,"href":"https:\/\/kortsomgleder.no\/index.php?rest_route=%2Fwp%2Fv2%2Fproduct_cat&post=134"},{"taxonomy":"product_tag","embeddable":true,"href":"https:\/\/kortsomgleder.no\/index.php?rest_route=%2Fwp%2Fv2%2Fproduct_tag&post=134"}],"curies":[{"name":"wp","href":"https:\/\/api.w.org\/{rel}","templated":true}]}}