{"id":8,"date":"2021-11-14T00:08:15","date_gmt":"2021-11-14T00:08:15","guid":{"rendered":"https:\/\/kortsomgleder.no\/?page_id=8"},"modified":"2021-12-01T10:14:48","modified_gmt":"2021-12-01T10:14:48","slug":"refund_returns","status":"publish","type":"page","link":"https:\/\/kortsomgleder.no\/?page_id=8","title":{"rendered":"Angrerett og retur"},"content":{"rendered":"\n<p><strong>Reklamasjon<\/strong><\/p>\n\n\n\n<p>Hvis det foreligger en mangel ved varen m\u00e5 kj\u00f8per innen rimelig tid etter at den ble oppdaget eller burde ha blitt oppdaget, gi selger melding om at han eller hun vil p\u00e5berope seg mangelen. Kj\u00f8per har alltid reklamert tidsnok dersom det skjer innen 2 mnd. fra mangelen ble oppdaget eller burde blitt oppdaget. Ved mangel vil ikke kj\u00f8per belastes for returkostnaden. Kj\u00f8per vil f\u00e5 refundert kj\u00f8pesummen om ikke ny vare kan leveres etter avtale mellom kj\u00f8per og selger.<\/p>\n\n\n\n<p>Vennligst kontakt v\u00e5r kundeservice p\u00e5 kundeservice@kortsomgleder.no, s\u00e5 vil du f\u00e5 hjelp.<\/p>\n\n\n\n<p><strong>Angrerett<\/strong><\/p>\n\n\n\n<p>Alle produkter kan returneres innen 14 dager etter \u00e5 ha mottatt dem. Varen skal v\u00e6re ubrukt og i original innpakning.<\/p>\n\n\n\n<p>Last ned angrerettskjema&nbsp;<a href=\"http:\/\/scrubbed.no\/angrerett\/Angrerettskjema_ScrubbedNo.pdf\">HER<\/a>.<\/p>\n\n\n\n<p><strong>Tilbakebetaling<\/strong><\/p>\n\n\n\n<p>N\u00e5r vi har mottatt returnert vare, tilbakebetaler vi p\u00e5 samme m\u00e5te som du betalte. Merk at evt. fraktkostnader ikke blir refundert. Avhengig av din bank, vil det normalt ta 2-5 virkedager f\u00f8r pengene er tilbake p\u00e5 din konto.<\/p>\n\n\n\n<p><strong>Returaddresse<\/strong><\/p>\n\n\n\n<ul class=\"wp-block-list\"><li>SOLLI, Tinnesgata 26, 3675 Notodden<\/li><\/ul>\n","protected":false},"excerpt":{"rendered":"<p>Reklamasjon Hvis det foreligger en mangel ved varen m\u00e5 kj\u00f8per innen rimelig tid etter at den ble oppdaget eller burde ha blitt oppdaget, gi selger melding om at han eller [&hellip;]<\/p>\n","protected":false},"author":1,"featured_media":0,"parent":0,"menu_order":0,"comment_status":"closed","ping_status":"closed","template":"","meta":{"footnotes":""},"class_list":["post-8","page","type-page","status-publish","hentry"],"_links":{"self":[{"href":"https:\/\/kortsomgleder.no\/index.php?rest_route=\/wp\/v2\/pages\/8","targetHints":{"allow":["GET"]}}],"collection":[{"href":"https:\/\/kortsomgleder.no\/index.php?rest_route=\/wp\/v2\/pages"}],"about":[{"href":"https:\/\/kortsomgleder.no\/index.php?rest_route=\/wp\/v2\/types\/page"}],"author":[{"embeddable":true,"href":"https:\/\/kortsomgleder.no\/index.php?rest_route=\/wp\/v2\/users\/1"}],"replies":[{"embeddable":true,"href":"https:\/\/kortsomgleder.no\/index.php?rest_route=%2Fwp%2Fv2%2Fcomments&post=8"}],"version-history":[{"count":4,"href":"https:\/\/kortsomgleder.no\/index.php?rest_route=\/wp\/v2\/pages\/8\/revisions"}],"predecessor-version":[{"id":200,"href":"https:\/\/kortsomgleder.no\/index.php?rest_route=\/wp\/v2\/pages\/8\/revisions\/200"}],"wp:attachment":[{"href":"https:\/\/kortsomgleder.no\/index.php?rest_route=%2Fwp%2Fv2%2Fmedia&parent=8"}],"curies":[{"name":"wp","href":"https:\/\/api.w.org\/{rel}","templated":true}]}}