{"id":78,"date":"2021-11-13T23:07:56","date_gmt":"2021-11-13T23:07:56","guid":{"rendered":"https:\/\/kortsomgleder.no\/?page_id=78"},"modified":"2021-12-01T10:08:45","modified_gmt":"2021-12-01T10:08:45","slug":"kjopsbetingelser","status":"publish","type":"page","link":"https:\/\/kortsomgleder.no\/?page_id=78","title":{"rendered":"Kj\u00f8psbetingelser"},"content":{"rendered":"\n<p><strong>BETINGELSER<\/strong><\/p>\n\n\n\n<p><strong>Innledning<\/strong><\/p>\n\n\n\n<p>Dette kj\u00f8pet er regulert av de nedenst\u00e5ende standard salgsbetingelser for forbruker kj\u00f8p av varer over Internett. Forbruker kj\u00f8p over internett reguleres hovedsakelig av avtaleloven, forbrukerkj\u00f8psloven, markedsf\u00f8ringsloven, angrerettloven og e handelsloven, og disse lovene gir forbrukeren ufravikelige rettigheter. Lovene er tilgjengelig p\u00e5&nbsp;<a rel=\"noreferrer noopener\" href=\"http:\/\/www.lovdata.no\/\" target=\"_blank\">www.lovdata.no.<\/a>&nbsp;Vilk\u00e5rene i denne avtalen skal ikke forst\u00e5s som noen begrensning i de lovbestemte rettighetene, men oppstiller partenes viktigste rettigheter og plikter for handelen.<\/p>\n\n\n\n<p><strong>Avtalen<\/strong><\/p>\n\n\n\n<p>Avtalen best\u00e5r av disse salgsbetingelsene, opplysninger gitt i bestillingsl\u00f8sningen og eventuelt s\u00e6rskilt avtalte vilk\u00e5r. Ved eventuell motstrid mellom opplysningene, g\u00e5r det som s\u00e6rskilt er avtalt mellom partene foran, s\u00e5 fremt det ikke strider mot ufravikelig lovgivning.<\/p>\n\n\n\n<p>Avtalen vil i tillegg bli utfylt av relevante lovbestemmelser som regulerer kj\u00f8p av varer mellom n\u00e6ringsdrivende og forbrukere.<\/p>\n\n\n\n<p><strong>Partene<\/strong><\/p>\n\n\n\n<p>Selger er Foma Consulting AS, kundeservice@kortsomgleder.no, +4791784282, Org: 915194583, og betegnes i det f\u00f8lgende som selger\/selgeren. Kj\u00f8per er den forbrukeren som foretar bestillingen, og betegnes i det f\u00f8lgende som kj\u00f8per\/kj\u00f8peren.<\/p>\n\n\n\n<p><strong>Pris<\/strong><\/p>\n\n\n\n<p>Den oppgitte prisen for varen og tjenester er den totale prisen kj\u00f8per skal betale. Denne prisen inkluderer alle avgifter og tilleggskostnader. Det tilkommer ikke kostnader utover dette for kj\u00f8peren.<\/p>\n\n\n\n<p>Ordre med verdi over kr. 700 sendes fritt levert. Bestillinger under dette ilegges et fraktgebyr p\u00e5 kr.49. Dette fremkommer ved bestilling.<\/p>\n\n\n\n<p><strong>Avtaleinng\u00e5else<\/strong><\/p>\n\n\n\n<p>Avtalen er bindende for begge parter n\u00e5r kj\u00f8peren har sendt sin bestilling til selgeren.<\/p>\n\n\n\n<p>Avtalen er likevel ikke bindende hvis det har forekommet skrive- eller tastefeil i tilbudet fra selgeren i bestillingsl\u00f8sningen i nettbutikken eller i kj\u00f8perens bestilling, og den annen part inns\u00e5 eller burde ha innsett at det forel\u00e5 en slik feil. Selger forbeholder seg rett til \u00e5 annullere ordre dersom det ved feil i systemet ikke lar seg gj\u00f8re levere \u00f8nsket vare.<\/p>\n\n\n\n<p><strong>Betalingen<\/strong><\/p>\n\n\n\n<p>Selgeren kan kreve betaling for varen fra det tidspunkt den blir sendt fra selgeren til kj\u00f8peren. Dersom kj\u00f8peren bruker kredittkort, debetkort eller VIPPS ved betaling, kan selgeren reservere kj\u00f8pesummen p\u00e5 kortet ved bestilling. Kortet blir belastet samme dag som varen sendes.<\/p>\n\n\n\n<p><strong>Levering<\/strong><\/p>\n\n\n\n<p>Vi tilstreber \u00e5 levere s\u00e5 raskt som mulig og normalt vil levering skje innen 1-3 virkedager. Alle leveranser skjer gjennom sporbar pakke i postkasse. Kj\u00f8per mottar sendingsinformasjon med sporing n\u00e5r pakken er sendt. Ordre pakkes og sendes samme om den er mottatt f\u00f8r kl. 14. Ordre etter denne tid og i helg\/helligdag sendes p\u00e5f\u00f8lgende virkedag.<\/p>\n\n\n\n<p><strong>Risikoen for varen<\/strong><\/p>\n\n\n\n<p>Risikoen for varen g\u00e5r over p\u00e5 kj\u00f8per n\u00e5r han, eller hans representant, har f\u00e5tt varene levert.<\/p>\n\n\n\n<p><strong>Angrerett og retur<\/strong><\/p>\n\n\n\n<p>Kj\u00f8peren kan angre kj\u00f8pet av varen i henhold til angrerettloven.Kj\u00f8peren m\u00e5 gi selger melding om bruk av angreretten innen 14 dager fra mottak av varen. Angrefristen anses overholdt dersom melding er sendt f\u00f8r utl\u00f8pet av fristen.Retur av varen gj\u00f8res p\u00e5 kj\u00f8pers regning dersom retur ikke skyldes feil eller mangel ved varen.<\/p>\n\n\n\n<p><meta charset=\"utf-8\">For mer info se:&nbsp;<a href=\"https:\/\/kortsomgleder.no\/?page_id=8\">Retur og reklamasjon<\/a><\/p>\n\n\n\n<p><strong>Forsinkelse og manglende levering &#8211; kj\u00f8pernes rettigheter og frist for \u00e5 melde krav<\/strong><\/p>\n\n\n\n<p>Dersom selgeren ikke kan levere varen eller leverer den for sent i henhold til avtalen mellom partene, og dette ikke skyldes kj\u00f8peren eller forhold p\u00e5 kj\u00f8perens side, kan kj\u00f8peren i henhold til reglene i forbrukerkj\u00f8pslovens kapittel 5 etter omstendighetene heveavtalen.<\/p>\n\n\n\n<p><strong>Mangel ved varen &#8211; kj\u00f8perens rettigheter og reklamasjonsfrist<\/strong><\/p>\n\n\n\n<p>Hvis det foreligger en mangel ved varen m\u00e5 kj\u00f8per innen rimelig tid etter at den ble oppdaget eller burde ha blitt oppdaget, gi selger melding om at han eller hun vil p\u00e5berope seg mangelen. Kj\u00f8per har alltid reklamert tidsnok dersom det skjer innen 2 mnd. fra mangelen ble oppdaget eller burde blitt oppdaget. Ved mangel vil ikke kj\u00f8per belastes for returkostnaden. Kj\u00f8per vil f\u00e5 refundert kj\u00f8pesummen om ikke ny vare kan leveres etter avtale mellom kj\u00f8per og selger.<\/p>\n\n\n\n<p><strong>Personopplysninger<\/strong><\/p>\n\n\n\n<p>Behandlingsansvarlig for innsamlede personopplysninger er selger. Med mindre kj\u00f8peren samtykker til noe annet, kan selgeren, i tr\u00e5d med personopplysningsloven, kun innhente og lagre de personopplysninger som er n\u00f8dvendig for at selgeren skal kunne gjennomf\u00f8re forpliktelsene etter avtalen. Kj\u00f8perens personopplysninger vil kun bli utlevert til andre hvis det er n\u00f8dvendig for at selger skal f\u00e5 gjennomf\u00f8rt avtalen med kj\u00f8peren, eller i lovbestemte tilfelle.<\/p>\n\n\n\n<p><strong>Konfliktl\u00f8sning<\/strong><\/p>\n\n\n\n<p>Klager rettes til selger innen rimelig tid, jf. punkt 9 og 10. Partene skal fors\u00f8ke \u00e5 l\u00f8se eventuelle tvister i minnelighet. Dersom dette ikke lykkes, kan kj\u00f8peren ta kontakt med Forbrukerr\u00e5det for mekling. Forbrukerr\u00e5det er tilgjengelig p\u00e5 telefon 23 400 500 eller&nbsp;<a href=\"http:\/\/www.forbrukerradet.no\/\" target=\"_blank\" rel=\"noreferrer noopener\">www.forbrukerradet.no.<\/a><\/p>\n\n\n\n<p><strong>FOMA Consulting AS<\/strong><br><strong>Tinnesgata 26<\/strong><br><strong>3675 Notodden<\/strong><br><strong>Org: 915 194 583<\/strong><\/p>\n","protected":false},"excerpt":{"rendered":"<p>BETINGELSER Innledning Dette kj\u00f8pet er regulert av de nedenst\u00e5ende standard salgsbetingelser for forbruker kj\u00f8p av varer over Internett. Forbruker kj\u00f8p over internett reguleres hovedsakelig av avtaleloven, forbrukerkj\u00f8psloven, markedsf\u00f8ringsloven, angrerettloven og [&hellip;]<\/p>\n","protected":false},"author":1,"featured_media":0,"parent":0,"menu_order":0,"comment_status":"closed","ping_status":"closed","template":"","meta":{"footnotes":""},"class_list":["post-78","page","type-page","status-publish","hentry"],"_links":{"self":[{"href":"https:\/\/kortsomgleder.no\/index.php?rest_route=\/wp\/v2\/pages\/78","targetHints":{"allow":["GET"]}}],"collection":[{"href":"https:\/\/kortsomgleder.no\/index.php?rest_route=\/wp\/v2\/pages"}],"about":[{"href":"https:\/\/kortsomgleder.no\/index.php?rest_route=\/wp\/v2\/types\/page"}],"author":[{"embeddable":true,"href":"https:\/\/kortsomgleder.no\/index.php?rest_route=\/wp\/v2\/users\/1"}],"replies":[{"embeddable":true,"href":"https:\/\/kortsomgleder.no\/index.php?rest_route=%2Fwp%2Fv2%2Fcomments&post=78"}],"version-history":[{"count":6,"href":"https:\/\/kortsomgleder.no\/index.php?rest_route=\/wp\/v2\/pages\/78\/revisions"}],"predecessor-version":[{"id":186,"href":"https:\/\/kortsomgleder.no\/index.php?rest_route=\/wp\/v2\/pages\/78\/revisions\/186"}],"wp:attachment":[{"href":"https:\/\/kortsomgleder.no\/index.php?rest_route=%2Fwp%2Fv2%2Fmedia&parent=78"}],"curies":[{"name":"wp","href":"https:\/\/api.w.org\/{rel}","templated":true}]}}