{"id":2,"date":"2016-05-10T03:48:21","date_gmt":"2016-05-10T03:48:21","guid":{"rendered":"https:\/\/kortsomgleder.no\/?page_id=2"},"modified":"2021-11-15T08:36:39","modified_gmt":"2021-11-15T08:36:39","slug":"sample-page","status":"publish","type":"page","link":"https:\/\/kortsomgleder.no\/?page_id=2","title":{"rendered":"Personvernerkl\u00e6ring"},"content":{"rendered":"\n\n\n<div class=\"wp-block-columns is-layout-flex wp-container-core-columns-is-layout-28f84493 wp-block-columns-is-layout-flex\">\n<div class=\"wp-block-column is-layout-flow wp-block-column-is-layout-flow\" style=\"flex-basis:100%\">\n<div class=\"entry-content\" style=\"text-align: left;\">\n<p>Denne siden beskriver hvordan nettsiden benytter og beskytter den personlige informasjonen du oppgir ved bruk av nettsiden.<\/p>\n<p><strong>Hva vi registrerer<\/strong><\/p>\n<p>N\u00e5r du bes\u00f8ker v\u00e5r nettside, kan vi samle inn f\u00f8lgende informasjon:<\/p>\n<ul>\n<li>Personlig informasjon (hvis dette oppgis) som navn, adresse, mailadresse, telefonnummer, IP-adresse og demografisk informasjon som posisjon og spr\u00e5k.<\/li>\n<li>Kj\u00f8psinformasjon (navn, firmanavn og leveringsadresse) og bestillingsinformasjon (produkt, antall, kj\u00f8psdato, ordrenummer og betalingsinfo).<\/li>\n<li>Relevant informasjon oppgitt av deg gjennom unders\u00f8kelser og tilbud.<\/li>\n<li>Bruksdata samlet inn via sporings- og informasjonskapsler. For en utvidet liste over disse, se eget avsnitt.<\/li>\n<\/ul>\n<p><strong>Hvordan brukes informasjonen<\/strong><\/p>\n<p>Vi benytter denne informasjonen for bedre \u00e5 forst\u00e5 dine behov og kunne lage en bedre tjeneste, spesielt av f\u00f8lgende grunner:<\/p>\n<ul>\n<li>Forbedre v\u00e5re produkter og tjenester.<\/li>\n<li>Forbedre kundeopplevelsen gjennom v\u00e5r nettside og andre kanaler.<\/li>\n<li>Tilby spesialtlbud, kampanjer og produktlanseringer (med ditt samtykke).<\/li>\n<li>Tilby deg bedre kundeservice, behandle dine henvendelser og klager.<\/li>\n<\/ul>\n<p>Hvis du velger \u00e5 ikke oppgi de forespurte og n\u00f8dvendige data, kan det v\u00e6re vi ikke kan m\u00f8te ditt behov for kundeservice.<\/p>\n<p><strong>Sikkerhet<\/strong><\/p>\n<p>VI er forpliktet til \u00e5 sikre at din informasjon er trygg. For \u00e5 forhindre uautorisert tilgang, har vi iverksatt n\u00f8dvendige fysiske, elektroniske og administrative rutiner for \u00e5 sikre den informasjonen vi samler over nettet.<\/p>\n<p><strong>Dine data og tredjepartsfirmaer<\/strong><\/p>\n<p>Noe data kan deles med tredjeparts tjenesteleverand\u00f8rer, disse er listet nedenfor. Vi tar de n\u00f8dvendige forholdsregler for \u00e5 sikre at disse respekterer og beskytter disse dataene.<\/p>\n<ul>\n<li>Tredjepartsleverand\u00f8rer som tilbyr tjenester p\u00e5 v\u00e5re vegne, slik som betaling, bestilling, frakt, datalagring, salg, reklame, research, kundeservice, transport, svindelsikring\u00a0og IT-support. Disse er forhindret fra \u00e5 bruke dine data til andre form\u00e5l enn disse tjenestene.<\/li>\n<\/ul>\n<p><strong>Hvordan vi benytter informasjonskapsler<\/strong><\/p>\n<p>En informasjonskapsel (cookie) er er en liten fil som ber om tillatelse til \u00e5 bli plassert p\u00e5 din datamaskins harddisk eller mobil. N\u00e5r du har tillatt disse, lar du oss gjenkjenne din enhet og innstillingene dine p\u00e5 nettsiden. Gjennom disse informasjonskapslene kan vi skreddersy nettsiden for \u00e5 tilby tilpassede l\u00f8sninger, m\u00e5le effektivitet av reklame og gjennomf\u00f8re analyser og s\u00f8k. Noen nettkapsler plasseres i din nettlesers cache, mens andre lagres i Adobe Flash Player-filer.<\/p>\n<p>Vi benytter traffic log informasjonskapsler for \u00e5 identifisere hvilke sider som brukes. Disse hjelper oss i \u00e5 analysere data om nettsidetrafikken og forbedre nettsiden og skreddersy denne til individuelle kundebehov. Vi benytter disse dataene kun til statistisk analyse.<\/p>\n<p>Alt i alt benyttes disse informasjonskapslene til \u00e5 kunne tilby deg en bedre nettside og fortelle oss hvilke sider du synes er mest nyttige. De gir oss p\u00e5 ingen m\u00e5te tilgang til din enhet eller informasjon om deg utover det du velger \u00e5 dele med oss. Du kan velge \u00e5 akseptere eller avvise disse. De fleste nettlesere tillater disse automatisk, men dette kan du i de fleste tilfeller endre i innstillingene. Ved \u00e5 ikke tillate disse kan det v\u00e6re du ikke f\u00e5r utnyttet nettsiden fullt ut.<\/p>\n<p>Slik kan du slette informasjonskapsler p\u00e5 din datamaskin:<\/p>\n<ul>\n<li>P\u00e5 Internet Explorer (versjon 9) m\u00e5 dette gj\u00f8res manuelt, bes\u00f8k\u00a0\/\/support.microsoft.com\/kb\/278835<\/li>\n<li>P\u00e5 Firefox (versjon 16) sletter du disse ved \u00e5 velge \u201cVerkt\u00f8y\u201d, \u201cValg\u201d, \u201cPersonlig\u201d og \u201cVis informasjonskapsler\u201d, deretter klikker du \u201cFjern alle informasjonskapsler\u201d.<\/li>\n<li>Chrome (versjon 23)<\/li>\n<\/ul>\n<p>Piksler er sm\u00e5 elektroniske koder som legges inn i nettsider, bannerannonser og\/eller e-mail, designet for \u00e5 samle brukerdata, slik som reklamevisninger og klikk, mail\u00e5pningsrate, reklamekampanjers effektivitet og aksept av informasjonskapsler.<\/p>\n<p>Etterhvert som vi tilpasser oss ytterligere teknologier kan det v\u00e6re ogs\u00e5 samler informasjon gjennom andre metoder.<\/p>\n<p><strong>Linker til andre nettsteder<\/strong><\/p>\n<p>V\u00e5r nettside kan inneholde linker til andre nettsteder. Merk at n\u00e5r du har forlatt v\u00e5r side ved \u00e5 klikke p\u00e5 disse, har vi ingen kontroll over disse nye nettstedene. Vi kan derfor ikke ta ansvar for beskyttelse av den informasjon du m\u00e5tte oppgi og etterlate deg der, og denne personvernerkl\u00e6ringen gjelder ikke for disse. Vi oppfordrer deg derfor til \u00e5 v\u00e6re oppmerksom, og lese personvernerkl\u00e6ringen tilh\u00f8rende disse sidene.<\/p>\n<p><strong>Kontroll av din personlige informasjon<\/strong><\/p>\n<p>Du kan velge \u00e5 begrense innsamling av personlig informasjon p\u00e5 f\u00f8lgende m\u00e5te:<\/p>\n<ul>\n<li>N\u00e5r du bes om \u00e5 fylle ut skjemaer p\u00e5 nettsiden, se etter en boks hvor du kan klikke for \u00e5 fortelle at du ikke tillater at din informasjon blir benyttet av noen for direkte markedsf\u00f8ring. Hvis du tidligere har akseptert at denne informasjonen blir benyttet i direkte markedsf\u00f8ring, kan du sende oss en mail (<a href=\"mailto:kundeservice@kortsomgleder.no\">kundeservice@kortsomgleder.no<\/a>) om du vil endre dette. Vi kommer med en egen link for \u00e5 gj\u00f8re dette enklere for deg.<\/li>\n<\/ul>\n<p>Du kan be om \u00e5 f\u00e5 se den informasjonen vi har lagret om deg, bare send en mail til <a href=\"mailto:kundeservice@kortsomgleder.no\">kundeservice@kortsomgleder.no<\/a>. (Dette er i henhold til Data Protection Act 1998.)<\/p>\n<p>Du kan ogs\u00e5 sende oss en mail til samme adresse om du mener vi sitter p\u00e5 feil informasjon om deg. Vi vil rette dette umiddelbart.<\/p>\n<p>Websiden driftes av<\/p>\n<p><strong>FOMA Consulting AS<\/strong><br \/><strong>Tinnesgata 26<\/strong><br \/><strong>3675 Notodden<\/strong><br \/><strong>Org: 915 194 583<\/strong><\/p>\n<\/div>\n<\/div>\n<\/div>\n","protected":false},"excerpt":{"rendered":"<p>Denne siden beskriver hvordan nettsiden benytter og beskytter den personlige informasjonen du oppgir ved bruk av nettsiden. Hva vi registrerer N\u00e5r du bes\u00f8ker v\u00e5r nettside, kan vi samle inn f\u00f8lgende [&hellip;]<\/p>\n","protected":false},"author":1,"featured_media":0,"parent":0,"menu_order":0,"comment_status":"closed","ping_status":"closed","template":"","meta":{"footnotes":""},"class_list":["post-2","page","type-page","status-publish","hentry"],"_links":{"self":[{"href":"https:\/\/kortsomgleder.no\/index.php?rest_route=\/wp\/v2\/pages\/2","targetHints":{"allow":["GET"]}}],"collection":[{"href":"https:\/\/kortsomgleder.no\/index.php?rest_route=\/wp\/v2\/pages"}],"about":[{"href":"https:\/\/kortsomgleder.no\/index.php?rest_route=\/wp\/v2\/types\/page"}],"author":[{"embeddable":true,"href":"https:\/\/kortsomgleder.no\/index.php?rest_route=\/wp\/v2\/users\/1"}],"replies":[{"embeddable":true,"href":"https:\/\/kortsomgleder.no\/index.php?rest_route=%2Fwp%2Fv2%2Fcomments&post=2"}],"version-history":[{"count":6,"href":"https:\/\/kortsomgleder.no\/index.php?rest_route=\/wp\/v2\/pages\/2\/revisions"}],"predecessor-version":[{"id":150,"href":"https:\/\/kortsomgleder.no\/index.php?rest_route=\/wp\/v2\/pages\/2\/revisions\/150"}],"wp:attachment":[{"href":"https:\/\/kortsomgleder.no\/index.php?rest_route=%2Fwp%2Fv2%2Fmedia&parent=2"}],"curies":[{"name":"wp","href":"https:\/\/api.w.org\/{rel}","templated":true}]}}